{"id":114,"date":"2025-12-02T16:14:55","date_gmt":"2025-12-02T12:14:55","guid":{"rendered":"https:\/\/lauraperrinphotographe.fr\/?page_id=114"},"modified":"2026-02-19T13:15:28","modified_gmt":"2026-02-19T09:15:28","slug":"contact","status":"publish","type":"page","link":"https:\/\/lauraperrinphotographe.fr\/index.php\/contact\/","title":{"rendered":"CONTACT"},"content":{"rendered":"\t\t<div data-elementor-type=\"wp-page\" data-elementor-id=\"114\" class=\"elementor elementor-114\" data-elementor-post-type=\"page\">\n\t\t\t\t<div class=\"elementor-element elementor-element-e8fc7bc e-flex e-con-boxed e-con e-parent\" data-id=\"e8fc7bc\" data-element_type=\"container\" data-settings=\"{&quot;background_background&quot;:&quot;classic&quot;,&quot;background_motion_fx_motion_fx_scrolling&quot;:&quot;yes&quot;,&quot;background_motion_fx_blur_effect&quot;:&quot;yes&quot;,&quot;background_motion_fx_blur_level&quot;:{&quot;unit&quot;:&quot;px&quot;,&quot;size&quot;:10,&quot;sizes&quot;:[]},&quot;background_motion_fx_blur_range&quot;:{&quot;unit&quot;:&quot;%&quot;,&quot;size&quot;:&quot;&quot;,&quot;sizes&quot;:{&quot;start&quot;:20,&quot;end&quot;:51}},&quot;background_motion_fx_blur_direction&quot;:&quot;out-in&quot;,&quot;background_motion_fx_devices&quot;:[&quot;desktop&quot;,&quot;tablet&quot;,&quot;mobile&quot;]}\">\n\t\t\t\t\t<div class=\"e-con-inner\">\n\t\t\t\t<div class=\"elementor-element elementor-element-64f0a7c elementor-widget elementor-widget-heading\" data-id=\"64f0a7c\" data-element_type=\"widget\" data-widget_type=\"heading.default\">\n\t\t\t\t\t<h2 class=\"elementor-heading-title elementor-size-default\">Contact<\/h2>\t\t\t\t<\/div>\n\t\t\t\t\t<\/div>\n\t\t\t\t<\/div>\n\t\t<div class=\"elementor-element elementor-element-9a4c8a9 e-flex e-con-boxed e-con e-parent\" data-id=\"9a4c8a9\" data-element_type=\"container\">\n\t\t\t\t\t<div class=\"e-con-inner\">\n\t\t<div class=\"elementor-element elementor-element-629525a e-con-full e-flex e-con e-child\" data-id=\"629525a\" data-element_type=\"container\">\n\t\t\t\t<div class=\"elementor-element elementor-element-69a5924 elementor-widget elementor-widget-heading\" data-id=\"69a5924\" data-element_type=\"widget\" data-settings=\"{&quot;motion_fx_motion_fx_scrolling&quot;:&quot;yes&quot;,&quot;motion_fx_translateY_effect&quot;:&quot;yes&quot;,&quot;motion_fx_translateY_direction&quot;:&quot;negative&quot;,&quot;motion_fx_translateY_affectedRange&quot;:{&quot;unit&quot;:&quot;%&quot;,&quot;size&quot;:&quot;&quot;,&quot;sizes&quot;:{&quot;start&quot;:30,&quot;end&quot;:50}},&quot;motion_fx_translateY_speed&quot;:{&quot;unit&quot;:&quot;px&quot;,&quot;size&quot;:4,&quot;sizes&quot;:[]},&quot;motion_fx_devices&quot;:[&quot;desktop&quot;,&quot;tablet&quot;,&quot;mobile&quot;]}\" data-widget_type=\"heading.default\">\n\t\t\t\t\t<h2 class=\"elementor-heading-title elementor-size-default\">parlons de VOTRE MARIAGE.<\/h2>\t\t\t\t<\/div>\n\t\t\t\t<div class=\"elementor-element elementor-element-d82710e elementor-widget elementor-widget-text-editor\" data-id=\"d82710e\" data-element_type=\"widget\" data-widget_type=\"text-editor.default\">\n\t\t\t\t\t\t\t\t\t<p>Parlons de votre mariage.<br \/>Racontez-moi votre journ\u00e9e : date, lieu, ambiance, ce que vous imaginez.<br \/>Je vous r\u00e9ponds rapidement.<\/p>\t\t\t\t\t\t\t\t<\/div>\n\t\t\t\t<div class=\"elementor-element elementor-element-07bb30e elementor-widget__width-initial elementor-widget elementor-widget-image\" data-id=\"07bb30e\" data-element_type=\"widget\" data-widget_type=\"image.default\">\n\t\t\t\t\t\t\t\t\t\t\t\t\t\t\t<img fetchpriority=\"high\" decoding=\"async\" width=\"1286\" height=\"2048\" src=\"https:\/\/lauraperrinphotographe.fr\/wp-content\/uploads\/2025\/12\/PLsu-ultra.png\" class=\"attachment-full size-full wp-image-189\" alt=\"photographe mariage Haute-Savoie\" srcset=\"https:\/\/lauraperrinphotographe.fr\/wp-content\/uploads\/2025\/12\/PLsu-ultra.png 1286w, https:\/\/lauraperrinphotographe.fr\/wp-content\/uploads\/2025\/12\/PLsu-ultra-188x300.png 188w, https:\/\/lauraperrinphotographe.fr\/wp-content\/uploads\/2025\/12\/PLsu-ultra-643x1024.png 643w, https:\/\/lauraperrinphotographe.fr\/wp-content\/uploads\/2025\/12\/PLsu-ultra-768x1223.png 768w, https:\/\/lauraperrinphotographe.fr\/wp-content\/uploads\/2025\/12\/PLsu-ultra-965x1536.png 965w\" sizes=\"(max-width: 1286px) 100vw, 1286px\" \/>\t\t\t\t\t\t\t\t\t\t\t\t\t\t\t<\/div>\n\t\t\t\t<\/div>\n\t\t<div class=\"elementor-element elementor-element-f1a0a61 e-con-full e-flex e-con e-child\" data-id=\"f1a0a61\" data-element_type=\"container\">\n\t\t\t\t<div class=\"elementor-element elementor-element-56a2ea9 elementor-button-align-center elementor-widget__width-initial elementor-widget elementor-widget-form\" data-id=\"56a2ea9\" data-element_type=\"widget\" data-settings=\"{&quot;step_next_label&quot;:&quot;Suivant&quot;,&quot;step_previous_label&quot;:&quot;Pr\\u00e9c\\u00e9dent&quot;,&quot;button_width&quot;:&quot;100&quot;,&quot;step_type&quot;:&quot;number_text&quot;,&quot;step_icon_shape&quot;:&quot;circle&quot;}\" data-widget_type=\"form.default\">\n\t\t\t\t\t\t\t<form class=\"elementor-form\" method=\"post\" name=\"Nouveau formulaire\" aria-label=\"Nouveau formulaire\">\n\t\t\t<input type=\"hidden\" name=\"post_id\" value=\"114\"\/>\n\t\t\t<input type=\"hidden\" name=\"form_id\" value=\"56a2ea9\"\/>\n\t\t\t<input type=\"hidden\" name=\"referer_title\" value=\"CONTACT\" \/>\n\n\t\t\t\t\t\t\t<input type=\"hidden\" name=\"queried_id\" value=\"114\"\/>\n\t\t\t\n\t\t\t<div class=\"elementor-form-fields-wrapper elementor-labels-\">\n\t\t\t\t\t\t\t\t<div class=\"elementor-field-type-text elementor-field-group elementor-column elementor-field-group-name1 elementor-col-100\">\n\t\t\t\t\t\t\t\t\t\t\t\t\t<input size=\"1\" type=\"text\" name=\"form_fields[name1]\" id=\"form-field-name1\" class=\"elementor-field elementor-size-sm  elementor-field-textual\" placeholder=\"Nom \/ Pr\u00e9nom Epoux 1\">\n\t\t\t\t\t\t\t\t\t\t\t<\/div>\n\t\t\t\t\t\t\t\t<div class=\"elementor-field-type-text elementor-field-group elementor-column elementor-field-group-name2 elementor-col-100\">\n\t\t\t\t\t\t\t\t\t\t\t\t\t<input size=\"1\" type=\"text\" name=\"form_fields[name2]\" id=\"form-field-name2\" class=\"elementor-field elementor-size-sm  elementor-field-textual\" placeholder=\"Nom \/ Pr\u00e9nom Epoux 2\">\n\t\t\t\t\t\t\t\t\t\t\t<\/div>\n\t\t\t\t\t\t\t\t<div class=\"elementor-field-type-email elementor-field-group elementor-column elementor-field-group-email elementor-col-100 elementor-field-required\">\n\t\t\t\t\t\t\t\t\t\t\t\t\t<input size=\"1\" type=\"email\" name=\"form_fields[email]\" id=\"form-field-email\" class=\"elementor-field elementor-size-sm  elementor-field-textual\" placeholder=\"E-mail\" required=\"required\">\n\t\t\t\t\t\t\t\t\t\t\t<\/div>\n\t\t\t\t\t\t\t\t<div class=\"elementor-field-type-date elementor-field-group elementor-column elementor-field-group-date elementor-col-100\">\n\t\t\t\t\t\t\t\t\t\t\t\t<label for=\"form-field-date\" class=\"elementor-field-label elementor-screen-only\">\n\t\t\t\t\t\t\t\tDate\t\t\t\t\t\t\t<\/label>\n\t\t\t\t\t\t\n\t\t<input type=\"date\" name=\"form_fields[date]\" id=\"form-field-date\" class=\"elementor-field elementor-size-sm  elementor-field-textual elementor-date-field\" placeholder=\"Date\" pattern=\"[0-9]{4}-[0-9]{2}-[0-9]{2}\">\n\t\t\t\t\t\t<\/div>\n\t\t\t\t\t\t\t\t<div class=\"elementor-field-type-text elementor-field-group elementor-column elementor-field-group-lieu elementor-col-100\">\n\t\t\t\t\t\t\t\t\t\t\t\t\t<input size=\"1\" type=\"text\" name=\"form_fields[lieu]\" id=\"form-field-lieu\" class=\"elementor-field elementor-size-sm  elementor-field-textual\" placeholder=\"Lieu\">\n\t\t\t\t\t\t\t\t\t\t\t<\/div>\n\t\t\t\t\t\t\t\t<div class=\"elementor-field-type-text elementor-field-group elementor-column elementor-field-group-orga elementor-col-100 elementor-field-required\">\n\t\t\t\t\t\t\t\t\t\t\t\t\t<input size=\"1\" type=\"text\" name=\"form_fields[orga]\" id=\"form-field-orga\" class=\"elementor-field elementor-size-sm  elementor-field-textual\" placeholder=\"Parlez moi un peu de l&#039;organisation\" required=\"required\">\n\t\t\t\t\t\t\t\t\t\t\t<\/div>\n\t\t\t\t\t\t\t\t<div class=\"elementor-field-type-text elementor-field-group elementor-column elementor-field-group-origine elementor-col-100\">\n\t\t\t\t\t\t\t\t\t\t\t\t\t<input size=\"1\" type=\"text\" name=\"form_fields[origine]\" id=\"form-field-origine\" class=\"elementor-field elementor-size-sm  elementor-field-textual\" placeholder=\"O\u00f9 m&#039;avez vous connu ?\">\n\t\t\t\t\t\t\t\t\t\t\t<\/div>\n\t\t\t\t\t\t\t\t<div class=\"elementor-field-type-text elementor-field-group elementor-column elementor-field-group-vous elementor-col-100 elementor-field-required\">\n\t\t\t\t\t\t\t\t\t\t\t\t\t<input size=\"1\" type=\"text\" name=\"form_fields[vous]\" id=\"form-field-vous\" class=\"elementor-field elementor-size-sm  elementor-field-textual\" placeholder=\"Parlez moi de vous !\" required=\"required\">\n\t\t\t\t\t\t\t\t\t\t\t<\/div>\n\t\t\t\t\t\t\t\t<div class=\"elementor-field-type-text\">\n\t\t\t\t\t<input size=\"1\" type=\"text\" name=\"form_fields[field_5059ed0]\" id=\"form-field-field_5059ed0\" class=\"elementor-field elementor-size-sm \" style=\"display:none !important;\">\t\t\t\t<\/div>\n\t\t\t\t\t\t\t\t<div class=\"elementor-field-group elementor-column elementor-field-type-submit elementor-col-100 e-form__buttons\">\n\t\t\t\t\t<button class=\"elementor-button elementor-size-md\" type=\"submit\">\n\t\t\t\t\t\t<span class=\"elementor-button-content-wrapper\">\n\t\t\t\t\t\t\t\t\t\t\t\t\t\t\t\t\t\t\t\t\t\t<span class=\"elementor-button-text\">Envoyer<\/span>\n\t\t\t\t\t\t\t\t\t\t\t\t\t<\/span>\n\t\t\t\t\t<\/button>\n\t\t\t\t<\/div>\n\t\t\t<\/div>\n\t\t<\/form>\n\t\t\t\t\t\t<\/div>\n\t\t\t\t<\/div>\n\t\t\t\t\t<\/div>\n\t\t\t\t<\/div>\n\t\t<div class=\"elementor-element elementor-element-f534fff e-flex e-con-boxed e-con e-parent\" data-id=\"f534fff\" data-element_type=\"container\" data-settings=\"{&quot;background_background&quot;:&quot;classic&quot;}\">\n\t\t\t\t\t<div class=\"e-con-inner\">\n\t\t<div class=\"elementor-element elementor-element-079c085 e-con-full e-flex e-con e-child\" data-id=\"079c085\" data-element_type=\"container\">\n\t\t\t\t<div class=\"elementor-element elementor-element-3727f38 elementor-widget elementor-widget-heading\" data-id=\"3727f38\" data-element_type=\"widget\" data-settings=\"{&quot;motion_fx_motion_fx_scrolling&quot;:&quot;yes&quot;,&quot;motion_fx_translateY_effect&quot;:&quot;yes&quot;,&quot;motion_fx_translateY_direction&quot;:&quot;negative&quot;,&quot;motion_fx_translateY_affectedRange&quot;:{&quot;unit&quot;:&quot;%&quot;,&quot;size&quot;:&quot;&quot;,&quot;sizes&quot;:{&quot;start&quot;:30,&quot;end&quot;:50}},&quot;motion_fx_translateY_speed&quot;:{&quot;unit&quot;:&quot;px&quot;,&quot;size&quot;:4,&quot;sizes&quot;:[]},&quot;motion_fx_devices&quot;:[&quot;desktop&quot;,&quot;tablet&quot;,&quot;mobile&quot;]}\" data-widget_type=\"heading.default\">\n\t\t\t\t\t<h2 class=\"elementor-heading-title elementor-size-default\">contact standard<\/h2>\t\t\t\t<\/div>\n\t\t\t\t<div class=\"elementor-element elementor-element-b8b0d71 elementor-widget elementor-widget-text-editor\" data-id=\"b8b0d71\" data-element_type=\"widget\" data-widget_type=\"text-editor.default\">\n\t\t\t\t\t\t\t\t\t<p>Parlons ensemble.<br data-start=\"187\" data-end=\"190\" \/>Une question, une demande particuli\u00e8re, une envie de collaboration ou simplement le besoin d\u2019\u00e9changer ?<br \/>Je vous r\u00e9ponds rapidement.<\/p>\t\t\t\t\t\t\t\t<\/div>\n\t\t\t\t<div class=\"elementor-element elementor-element-60212fd elementor-widget elementor-widget-image\" data-id=\"60212fd\" data-element_type=\"widget\" data-settings=\"{&quot;motion_fx_motion_fx_scrolling&quot;:&quot;yes&quot;,&quot;motion_fx_scale_effect&quot;:&quot;yes&quot;,&quot;motion_fx_scale_range&quot;:{&quot;unit&quot;:&quot;%&quot;,&quot;size&quot;:&quot;&quot;,&quot;sizes&quot;:{&quot;start&quot;:5,&quot;end&quot;:80}},&quot;motion_fx_scale_direction&quot;:&quot;out-in&quot;,&quot;motion_fx_scale_speed&quot;:{&quot;unit&quot;:&quot;px&quot;,&quot;size&quot;:4,&quot;sizes&quot;:[]},&quot;motion_fx_devices&quot;:[&quot;desktop&quot;,&quot;tablet&quot;,&quot;mobile&quot;]}\" data-widget_type=\"image.default\">\n\t\t\t\t\t\t\t\t\t\t\t\t\t\t\t<img decoding=\"async\" width=\"300\" height=\"300\" src=\"https:\/\/lauraperrinphotographe.fr\/wp-content\/uploads\/2025\/12\/LOGOS-LauraPerrin_22-300x300.png\" class=\"attachment-medium size-medium wp-image-426\" alt=\"photographe mariage Ain\" srcset=\"https:\/\/lauraperrinphotographe.fr\/wp-content\/uploads\/2025\/12\/LOGOS-LauraPerrin_22-300x300.png 300w, https:\/\/lauraperrinphotographe.fr\/wp-content\/uploads\/2025\/12\/LOGOS-LauraPerrin_22-1024x1024.png 1024w, https:\/\/lauraperrinphotographe.fr\/wp-content\/uploads\/2025\/12\/LOGOS-LauraPerrin_22-150x150.png 150w, https:\/\/lauraperrinphotographe.fr\/wp-content\/uploads\/2025\/12\/LOGOS-LauraPerrin_22-768x768.png 768w, https:\/\/lauraperrinphotographe.fr\/wp-content\/uploads\/2025\/12\/LOGOS-LauraPerrin_22-1536x1536.png 1536w, https:\/\/lauraperrinphotographe.fr\/wp-content\/uploads\/2025\/12\/LOGOS-LauraPerrin_22.png 1980w\" sizes=\"(max-width: 300px) 100vw, 300px\" \/>\t\t\t\t\t\t\t\t\t\t\t\t\t\t\t<\/div>\n\t\t\t\t<\/div>\n\t\t<div class=\"elementor-element elementor-element-8478eeb e-con-full e-flex e-con e-child\" data-id=\"8478eeb\" data-element_type=\"container\">\n\t\t\t\t<div class=\"elementor-element elementor-element-968dc2e elementor-button-align-center elementor-widget__width-initial elementor-widget elementor-widget-form\" data-id=\"968dc2e\" data-element_type=\"widget\" data-settings=\"{&quot;step_next_label&quot;:&quot;Suivant&quot;,&quot;step_previous_label&quot;:&quot;Pr\\u00e9c\\u00e9dent&quot;,&quot;button_width&quot;:&quot;100&quot;,&quot;step_type&quot;:&quot;number_text&quot;,&quot;step_icon_shape&quot;:&quot;circle&quot;}\" data-widget_type=\"form.default\">\n\t\t\t\t\t\t\t<form class=\"elementor-form\" method=\"post\" name=\"Nouveau formulaire\" aria-label=\"Nouveau formulaire\">\n\t\t\t<input type=\"hidden\" name=\"post_id\" value=\"114\"\/>\n\t\t\t<input type=\"hidden\" name=\"form_id\" value=\"968dc2e\"\/>\n\t\t\t<input type=\"hidden\" name=\"referer_title\" value=\"CONTACT\" \/>\n\n\t\t\t\t\t\t\t<input type=\"hidden\" name=\"queried_id\" value=\"114\"\/>\n\t\t\t\n\t\t\t<div class=\"elementor-form-fields-wrapper elementor-labels-\">\n\t\t\t\t\t\t\t\t<div class=\"elementor-field-type-text elementor-field-group elementor-column elementor-field-group-name elementor-col-100\">\n\t\t\t\t\t\t\t\t\t\t\t\t\t<input size=\"1\" type=\"text\" name=\"form_fields[name]\" id=\"form-field-name\" class=\"elementor-field elementor-size-sm  elementor-field-textual\" placeholder=\"Nom \/ Pr\u00e9nom\">\n\t\t\t\t\t\t\t\t\t\t\t<\/div>\n\t\t\t\t\t\t\t\t<div class=\"elementor-field-type-email elementor-field-group elementor-column elementor-field-group-email elementor-col-100 elementor-field-required\">\n\t\t\t\t\t\t\t\t\t\t\t\t\t<input size=\"1\" type=\"email\" name=\"form_fields[email]\" id=\"form-field-email\" class=\"elementor-field elementor-size-sm  elementor-field-textual\" placeholder=\"E-mail\" required=\"required\">\n\t\t\t\t\t\t\t\t\t\t\t<\/div>\n\t\t\t\t\t\t\t\t<div class=\"elementor-field-type-textarea elementor-field-group elementor-column elementor-field-group-message elementor-col-100\">\n\t\t\t\t\t<textarea class=\"elementor-field-textual elementor-field  elementor-size-sm\" name=\"form_fields[message]\" id=\"form-field-message\" rows=\"4\" placeholder=\"Message\"><\/textarea>\t\t\t\t<\/div>\n\t\t\t\t\t\t\t\t<div class=\"elementor-field-group elementor-column elementor-field-type-submit elementor-col-100 e-form__buttons\">\n\t\t\t\t\t<button class=\"elementor-button elementor-size-md\" type=\"submit\">\n\t\t\t\t\t\t<span class=\"elementor-button-content-wrapper\">\n\t\t\t\t\t\t\t\t\t\t\t\t\t\t\t\t\t\t\t\t\t\t<span class=\"elementor-button-text\">Envoyer<\/span>\n\t\t\t\t\t\t\t\t\t\t\t\t\t<\/span>\n\t\t\t\t\t<\/button>\n\t\t\t\t<\/div>\n\t\t\t<\/div>\n\t\t<\/form>\n\t\t\t\t\t\t<\/div>\n\t\t\t\t<\/div>\n\t\t\t\t\t<\/div>\n\t\t\t\t<\/div>\n\t\t<div class=\"elementor-element elementor-element-5712ba95 e-flex e-con-boxed e-con e-parent\" data-id=\"5712ba95\" data-element_type=\"container\">\n\t\t\t\t\t<div class=\"e-con-inner\">\n\t\t\t\t<div class=\"elementor-element elementor-element-2b24a895 elementor-widget elementor-widget-heading\" data-id=\"2b24a895\" data-element_type=\"widget\" data-settings=\"{&quot;motion_fx_motion_fx_mouse&quot;:&quot;yes&quot;,&quot;motion_fx_tilt_effect&quot;:&quot;yes&quot;,&quot;motion_fx_tilt_speed&quot;:{&quot;unit&quot;:&quot;px&quot;,&quot;size&quot;:5,&quot;sizes&quot;:[]}}\" data-widget_type=\"heading.default\">\n\t\t\t\t\t<h2 class=\"elementor-heading-title elementor-size-default\">Suivez-moi Sur Instagram<\/h2>\t\t\t\t<\/div>\n\t\t\t\t<div class=\"elementor-element elementor-element-0091e2e elementor-widget elementor-widget-text-editor\" data-id=\"0091e2e\" data-element_type=\"widget\" data-widget_type=\"text-editor.default\">\n\t\t\t\t\t\t\t\t\t<p>Parce que certaines \u00e9motions se partagent au fil des jours.<\/p><p>Sur Instagram je continue de raconter vos histoires.<\/p>\t\t\t\t\t\t\t\t<\/div>\n\t\t\t\t<div class=\"elementor-element elementor-element-1e0a3925 elementor-widget elementor-widget-text-editor\" data-id=\"1e0a3925\" data-element_type=\"widget\" data-widget_type=\"text-editor.default\">\n\t\t\t\t\t\t\t\t\t<p><a href=\"https:\/\/www.instagram.com\/lauraperrinphotographe\/\" target=\"_blank\" rel=\"noopener\">@LauraPerrin<\/a><a href=\"https:\/\/www.instagram.com\/lauraperrinphotographe\/\">photographe<\/a><\/p>\t\t\t\t\t\t\t\t<\/div>\n\t\t\t\t\t<\/div>\n\t\t\t\t<\/div>\n\t\t\t\t<\/div>\n\t\t","protected":false},"excerpt":{"rendered":"<p>Contact parlons de VOTRE MARIAGE. Parlons de votre mariage.Racontez-moi votre journ\u00e9e : date, lieu, ambiance, ce que vous imaginez.Je vous r\u00e9ponds rapidement. contact standard Parlons ensemble.Une question, une demande particuli\u00e8re, une envie de collaboration ou simplement le besoin d\u2019\u00e9changer ?Je vous r\u00e9ponds rapidement. Suivez-moi Sur Instagram Parce que certaines \u00e9motions se partagent au fil des [&hellip;]<\/p>\n","protected":false},"author":1,"featured_media":0,"parent":0,"menu_order":0,"comment_status":"closed","ping_status":"closed","template":"","meta":{"footnotes":""},"class_list":["post-114","page","type-page","status-publish","hentry"],"_links":{"self":[{"href":"https:\/\/lauraperrinphotographe.fr\/index.php\/wp-json\/wp\/v2\/pages\/114","targetHints":{"allow":["GET"]}}],"collection":[{"href":"https:\/\/lauraperrinphotographe.fr\/index.php\/wp-json\/wp\/v2\/pages"}],"about":[{"href":"https:\/\/lauraperrinphotographe.fr\/index.php\/wp-json\/wp\/v2\/types\/page"}],"author":[{"embeddable":true,"href":"https:\/\/lauraperrinphotographe.fr\/index.php\/wp-json\/wp\/v2\/users\/1"}],"replies":[{"embeddable":true,"href":"https:\/\/lauraperrinphotographe.fr\/index.php\/wp-json\/wp\/v2\/comments?post=114"}],"version-history":[{"count":112,"href":"https:\/\/lauraperrinphotographe.fr\/index.php\/wp-json\/wp\/v2\/pages\/114\/revisions"}],"predecessor-version":[{"id":1193,"href":"https:\/\/lauraperrinphotographe.fr\/index.php\/wp-json\/wp\/v2\/pages\/114\/revisions\/1193"}],"wp:attachment":[{"href":"https:\/\/lauraperrinphotographe.fr\/index.php\/wp-json\/wp\/v2\/media?parent=114"}],"curies":[{"name":"wp","href":"https:\/\/api.w.org\/{rel}","templated":true}]}}